{"id":295,"date":"2017-02-09T22:05:31","date_gmt":"2017-02-09T21:05:31","guid":{"rendered":"http:\/\/www.courdescomptes.sn\/?page_id=295"},"modified":"2017-02-09T23:10:27","modified_gmt":"2017-02-09T22:10:27","slug":"rapports-sur-lexecution","status":"publish","type":"page","link":"https:\/\/www.courdescomptes.sn\/en\/publications\/rapports\/rapports-sur-lexecution\/","title":{"rendered":"(FR) Rapports sur l&#8217;execution des lois de Finance et d\u00e9claration g\u00e9n\u00e9rale de conformit\u00e9"},"content":{"rendered":"","protected":false},"excerpt":{"rendered":"","protected":false},"author":1,"featured_media":0,"parent":242,"menu_order":0,"comment_status":"closed","ping_status":"closed","template":"rapport-archive.php","meta":[],"_links":{"self":[{"href":"https:\/\/www.courdescomptes.sn\/en\/wp-json\/wp\/v2\/pages\/295"}],"collection":[{"href":"https:\/\/www.courdescomptes.sn\/en\/wp-json\/wp\/v2\/pages"}],"about":[{"href":"https:\/\/www.courdescomptes.sn\/en\/wp-json\/wp\/v2\/types\/page"}],"author":[{"embeddable":true,"href":"https:\/\/www.courdescomptes.sn\/en\/wp-json\/wp\/v2\/users\/1"}],"replies":[{"embeddable":true,"href":"https:\/\/www.courdescomptes.sn\/en\/wp-json\/wp\/v2\/comments?post=295"}],"version-history":[{"count":1,"href":"https:\/\/www.courdescomptes.sn\/en\/wp-json\/wp\/v2\/pages\/295\/revisions"}],"predecessor-version":[{"id":296,"href":"https:\/\/www.courdescomptes.sn\/en\/wp-json\/wp\/v2\/pages\/295\/revisions\/296"}],"up":[{"embeddable":true,"href":"https:\/\/www.courdescomptes.sn\/en\/wp-json\/wp\/v2\/pages\/242"}],"wp:attachment":[{"href":"https:\/\/www.courdescomptes.sn\/en\/wp-json\/wp\/v2\/media?parent=295"}],"curies":[{"name":"wp","href":"https:\/\/api.w.org\/{rel}","templated":true}]}}